{"id":194,"date":"2020-09-10T15:12:47","date_gmt":"2020-09-10T15:12:47","guid":{"rendered":"https:\/\/hms-koch.de\/?page_id=194"},"modified":"2020-09-10T15:14:02","modified_gmt":"2020-09-10T15:14:02","slug":"elementor-194","status":"publish","type":"page","link":"https:\/\/hms-koch.de\/dienstleistungen\/elementor-194","title":{"rendered":"Impressum"},"content":{"rendered":"\t\t<div data-elementor-type=\"wp-page\" data-elementor-id=\"194\" class=\"elementor elementor-194\">\n\t\t\t\t\t\t<div class=\"elementor-inner\">\n\t\t\t\t<div class=\"elementor-section-wrap\">\n\t\t\t\t\t\t\t\t\t<section class=\"elementor-section elementor-top-section elementor-element elementor-element-cdf67ef elementor-section-boxed elementor-section-height-default elementor-section-height-default\" data-id=\"cdf67ef\" data-element_type=\"section\">\n\t\t\t\t\t\t<div class=\"elementor-container elementor-column-gap-default\">\n\t\t\t\t\t\t\t<div class=\"elementor-row\">\n\t\t\t\t\t<div class=\"elementor-column elementor-col-100 elementor-top-column elementor-element elementor-element-0ebac4f\" data-id=\"0ebac4f\" data-element_type=\"column\">\n\t\t\t<div class=\"elementor-column-wrap elementor-element-populated\">\n\t\t\t\t\t\t\t<div class=\"elementor-widget-wrap\">\n\t\t\t\t\t\t<div class=\"elementor-element elementor-element-0287798 elementor-widget elementor-widget-text-editor\" data-id=\"0287798\" data-element_type=\"widget\" data-widget_type=\"text-editor.default\">\n\t\t\t\t<div class=\"elementor-widget-container\">\n\t\t\t\t\t\t\t\t<div class=\"elementor-text-editor elementor-clearfix\">\n\t\t\t\t<p><b style=\"color: #333333; font-size: 20px;\">Impressum<\/b><\/p>\n<p><span style=\"font-weight: 400;\">Meinolf Koch<\/span><\/p>\n<p><span style=\"font-weight: 400;\">M\u00fchlhardt 77<\/span><\/p>\n<p><span style=\"font-weight: 400;\">57439 Attendorn<\/span><\/p>\n<p><span style=\"font-weight: 400;\">Tel. 02722\/632691<\/span><\/p>\n<p><span style=\"font-weight: 400;\">Fax 02722\/632689<\/span><\/p>\n<p><span style=\"font-weight: 400;\">E-mail: <\/span><span style=\"font-weight: 400;\">info [at] hms-koch.de<\/span><\/p>\n<p><span style=\"font-weight: 400;\">Amtsgericht XXXXXXXXXXXXXXXX<\/span><\/p>\n<p><span style=\"font-weight: 400;\">Steuernnummer: 5338\/5085\/0948<\/span><\/p>\n<p><span style=\"font-weight: 400;\">Gesch\u00e4ftsf\u00fchrer: Meinolf Koch<\/span><\/p>\n<p><span style=\"font-weight: 400;\">Haftungsausschluss:<\/span><\/p>\n<p><span style=\"font-weight: 400;\">Die bereitgestellten Informationen auf dieser Website wurden sorgf\u00e4ltig gepr\u00fcft und werden regelm\u00e4\u00dfig aktualisiert. Jedoch kann keine Garantie daf\u00fcr \u00fcbernommen werden, dass alle Angaben zu jeder Zeit vollst\u00e4ndig, richtig und in letzter Aktualit\u00e4t dargestellt sind. Dies gilt insbesondere f\u00fcr alle Verbindungen zu anderen Web Sites, auf die direkt oder indirekt verwiesen wird. Alle Angaben k\u00f6nnen ohne vorherige Ank\u00fcndigung erg\u00e4nzt, entfernt oder ge\u00e4ndert werden.<\/span><\/p>\n<p><span style=\"font-weight: 400;\">Mit dem Urteil vom 12.Mai 1998 312 O 85\/98 (Haftung f\u00fcr Links) hat das Landgericht (LG) Hamburg entschieden, dass man durch die Anbringung eines Links, die Inhalte der gelinkten Seite ggf. mit zu verantworten hat. Dies kann &#8211; so das LG &#8211; nur dadurch verhindert werden, dass man sich ausdr\u00fccklich von diesen Inhalten distanziert. Hiermit distanzieren wir uns ausdr\u00fccklich von allen Inhalten aller gelinkten Seiten auf unserer Homepage und machen uns diese Inhalte nicht zu eigen. Diese Erkl\u00e4rung gilt f\u00fcr alle auf unseren Internetseiten angebrachten Links.<\/span><\/p>\t\t\t\t\t<\/div>\n\t\t\t\t\t\t<\/div>\n\t\t\t\t<\/div>\n\t\t\t\t\t\t<\/div>\n\t\t\t\t\t<\/div>\n\t\t<\/div>\n\t\t\t\t\t\t\t\t<\/div>\n\t\t\t\t\t<\/div>\n\t\t<\/section>\n\t\t\t\t\t\t\t\t\t<\/div>\n\t\t\t<\/div>\n\t\t\t\t\t<\/div>\n\t\t","protected":false},"excerpt":{"rendered":"<p>Impressum Meinolf Koch M\u00fchlhardt 77 57439 Attendorn Tel. 02722\/632691 Fax 02722\/632689 E-mail: info [at] hms-koch.de Amtsgericht XXXXXXXXXXXXXXXX Steuernnummer: 5338\/5085\/0948 Gesch\u00e4ftsf\u00fchrer: Meinolf Koch Haftungsausschluss: Die bereitgestellten Informationen auf dieser Website wurden sorgf\u00e4ltig gepr\u00fcft und werden regelm\u00e4\u00dfig aktualisiert. Jedoch kann keine Garantie daf\u00fcr \u00fcbernommen werden, dass alle Angaben zu jeder Zeit vollst\u00e4ndig, richtig und in letzter Aktualit\u00e4t [&hellip;]<\/p>\n","protected":false},"author":1,"featured_media":0,"parent":0,"menu_order":0,"comment_status":"closed","ping_status":"closed","template":"elementor_canvas","meta":{"spay_email":""},"_links":{"self":[{"href":"https:\/\/hms-koch.de\/dienstleistungen\/wp-json\/wp\/v2\/pages\/194"}],"collection":[{"href":"https:\/\/hms-koch.de\/dienstleistungen\/wp-json\/wp\/v2\/pages"}],"about":[{"href":"https:\/\/hms-koch.de\/dienstleistungen\/wp-json\/wp\/v2\/types\/page"}],"author":[{"embeddable":true,"href":"https:\/\/hms-koch.de\/dienstleistungen\/wp-json\/wp\/v2\/users\/1"}],"replies":[{"embeddable":true,"href":"https:\/\/hms-koch.de\/dienstleistungen\/wp-json\/wp\/v2\/comments?post=194"}],"version-history":[{"count":0,"href":"https:\/\/hms-koch.de\/dienstleistungen\/wp-json\/wp\/v2\/pages\/194\/revisions"}],"wp:attachment":[{"href":"https:\/\/hms-koch.de\/dienstleistungen\/wp-json\/wp\/v2\/media?parent=194"}],"curies":[{"name":"wp","href":"https:\/\/api.w.org\/{rel}","templated":true}]}}